{"id":6471,"date":"2024-08-29T19:10:47","date_gmt":"2024-08-29T16:10:47","guid":{"rendered":"https:\/\/dalgicsigorta.com\/index.php\/seyahat-sigortasi-2-copy\/"},"modified":"2025-08-12T14:23:08","modified_gmt":"2025-08-12T11:23:08","slug":"kurumsal","status":"publish","type":"page","link":"https:\/\/dalgicsigorta.com\/index.php\/kurumsal\/","title":{"rendered":"Kurumsal"},"content":{"rendered":"\t\t<div data-elementor-type=\"wp-post\" data-elementor-id=\"6471\" class=\"elementor elementor-6471\">\n\t\t\t\t<div class=\"elementor-element elementor-element-744c92b e-grid e-con-boxed e-con e-parent\" data-id=\"744c92b\" data-element_type=\"container\">\n\t\t\t\t\t<div class=\"e-con-inner\">\n\t\t\t\t<div class=\"elementor-element elementor-element-bcdd2a7 elementor-widget elementor-widget-image\" data-id=\"bcdd2a7\" data-element_type=\"widget\" data-settings=\"{&quot;ekit_we_effect_on&quot;:&quot;none&quot;}\" data-widget_type=\"image.default\">\n\t\t\t\t<div class=\"elementor-widget-container\">\n\t\t\t<style>\/*! elementor - v3.23.0 - 05-08-2024 *\/\n.elementor-widget-image{text-align:center}.elementor-widget-image a{display:inline-block}.elementor-widget-image a img[src$=\".svg\"]{width:48px}.elementor-widget-image img{vertical-align:middle;display:inline-block}<\/style>\t\t\t\t\t\t\t\t\t\t<img fetchpriority=\"high\" decoding=\"async\" width=\"800\" height=\"207\" src=\"https:\/\/dalgicsigorta.com\/wp-content\/uploads\/2024\/08\/Allianz.svg_-1024x265.png\" class=\"attachment-large size-large wp-image-6474\" alt=\"\" srcset=\"https:\/\/dalgicsigorta.com\/wp-content\/uploads\/2024\/08\/Allianz.svg_-1024x265.png 1024w, https:\/\/dalgicsigorta.com\/wp-content\/uploads\/2024\/08\/Allianz.svg_-300x78.png 300w, https:\/\/dalgicsigorta.com\/wp-content\/uploads\/2024\/08\/Allianz.svg_-768x199.png 768w, https:\/\/dalgicsigorta.com\/wp-content\/uploads\/2024\/08\/Allianz.svg_-1536x397.png 1536w, https:\/\/dalgicsigorta.com\/wp-content\/uploads\/2024\/08\/Allianz.svg_-2048x530.png 2048w\" sizes=\"(max-width: 800px) 100vw, 800px\" \/>\t\t\t\t\t\t\t\t\t\t\t\t\t<\/div>\n\t\t\t\t<\/div>\n\t\t\t\t<div class=\"elementor-element elementor-element-cbc17c9 elementor-widget elementor-widget-image\" data-id=\"cbc17c9\" data-element_type=\"widget\" data-settings=\"{&quot;ekit_we_effect_on&quot;:&quot;none&quot;}\" data-widget_type=\"image.default\">\n\t\t\t\t<div class=\"elementor-widget-container\">\n\t\t\t\t\t\t\t\t\t\t\t\t\t<img decoding=\"async\" width=\"1536\" height=\"464\" src=\"https:\/\/dalgicsigorta.com\/wp-content\/uploads\/2025\/08\/logo-3-1536x464.png\" class=\"attachment-1536x1536 size-1536x1536 wp-image-6561\" alt=\"\" srcset=\"https:\/\/dalgicsigorta.com\/wp-content\/uploads\/2025\/08\/logo-3-1536x464.png 1536w, https:\/\/dalgicsigorta.com\/wp-content\/uploads\/2025\/08\/logo-3-300x91.png 300w, https:\/\/dalgicsigorta.com\/wp-content\/uploads\/2025\/08\/logo-3-1024x309.png 1024w, https:\/\/dalgicsigorta.com\/wp-content\/uploads\/2025\/08\/logo-3-768x232.png 768w, https:\/\/dalgicsigorta.com\/wp-content\/uploads\/2025\/08\/logo-3-2048x618.png 2048w\" sizes=\"(max-width: 1536px) 100vw, 1536px\" \/>\t\t\t\t\t\t\t\t\t\t\t\t\t<\/div>\n\t\t\t\t<\/div>\n\t\t\t\t<div class=\"elementor-element elementor-element-c52c51e elementor-widget elementor-widget-image\" data-id=\"c52c51e\" data-element_type=\"widget\" data-settings=\"{&quot;ekit_we_effect_on&quot;:&quot;none&quot;}\" data-widget_type=\"image.default\">\n\t\t\t\t<div class=\"elementor-widget-container\">\n\t\t\t\t\t\t\t\t\t\t\t\t\t<img decoding=\"async\" width=\"300\" height=\"153\" src=\"https:\/\/dalgicsigorta.com\/wp-content\/uploads\/2024\/08\/hepiyi-sigorta-logo-EA3DE17862-seeklogo.com_.png\" class=\"attachment-large size-large wp-image-6476\" alt=\"\" \/>\t\t\t\t\t\t\t\t\t\t\t\t\t<\/div>\n\t\t\t\t<\/div>\n\t\t\t\t<div class=\"elementor-element elementor-element-d546cc7 elementor-widget elementor-widget-image\" data-id=\"d546cc7\" data-element_type=\"widget\" data-settings=\"{&quot;ekit_we_effect_on&quot;:&quot;none&quot;}\" data-widget_type=\"image.default\">\n\t\t\t\t<div class=\"elementor-widget-container\">\n\t\t\t\t\t\t\t\t\t\t\t\t\t<img loading=\"lazy\" decoding=\"async\" width=\"335\" height=\"150\" src=\"https:\/\/dalgicsigorta.com\/wp-content\/uploads\/2025\/08\/download-14.png\" class=\"attachment-large size-large wp-image-6563\" alt=\"\" srcset=\"https:\/\/dalgicsigorta.com\/wp-content\/uploads\/2025\/08\/download-14.png 335w, https:\/\/dalgicsigorta.com\/wp-content\/uploads\/2025\/08\/download-14-300x134.png 300w\" sizes=\"(max-width: 335px) 100vw, 335px\" \/>\t\t\t\t\t\t\t\t\t\t\t\t\t<\/div>\n\t\t\t\t<\/div>\n\t\t\t\t<div class=\"elementor-element elementor-element-c840d1c elementor-widget elementor-widget-image\" data-id=\"c840d1c\" data-element_type=\"widget\" data-settings=\"{&quot;ekit_we_effect_on&quot;:&quot;none&quot;}\" data-widget_type=\"image.default\">\n\t\t\t\t<div class=\"elementor-widget-container\">\n\t\t\t\t\t\t\t\t\t\t\t\t\t<img loading=\"lazy\" decoding=\"async\" width=\"335\" height=\"150\" src=\"https:\/\/dalgicsigorta.com\/wp-content\/uploads\/2025\/08\/download-15.png\" class=\"attachment-1536x1536 size-1536x1536 wp-image-6564\" alt=\"\" srcset=\"https:\/\/dalgicsigorta.com\/wp-content\/uploads\/2025\/08\/download-15.png 335w, https:\/\/dalgicsigorta.com\/wp-content\/uploads\/2025\/08\/download-15-300x134.png 300w\" sizes=\"(max-width: 335px) 100vw, 335px\" \/>\t\t\t\t\t\t\t\t\t\t\t\t\t<\/div>\n\t\t\t\t<\/div>\n\t\t\t\t\t<\/div>\n\t\t\t\t<\/div>\n\t\t\t\t<section class=\"elementor-section elementor-top-section elementor-element elementor-element-32fb1eda cta elementor-section-boxed elementor-section-height-default elementor-section-height-default\" data-id=\"32fb1eda\" data-element_type=\"section\">\n\t\t\t\t\t\t<div class=\"elementor-container elementor-column-gap-default\">\n\t\t\t\t\t<div class=\"elementor-column elementor-col-100 elementor-top-column elementor-element elementor-element-54e6ed5c\" data-id=\"54e6ed5c\" data-element_type=\"column\" data-settings=\"{&quot;background_background&quot;:&quot;classic&quot;}\">\n\t\t\t<div class=\"elementor-widget-wrap elementor-element-populated\">\n\t\t\t\t\t<div class=\"elementor-background-overlay\"><\/div>\n\t\t\t\t\t\t<section class=\"elementor-section elementor-inner-section elementor-element elementor-element-488678af elementor-section-boxed elementor-section-height-default elementor-section-height-default\" data-id=\"488678af\" data-element_type=\"section\">\n\t\t\t\t\t\t<div class=\"elementor-container elementor-column-gap-default\">\n\t\t\t\t\t<div class=\"elementor-column elementor-col-50 elementor-inner-column elementor-element elementor-element-2eb83aa9\" data-id=\"2eb83aa9\" data-element_type=\"column\">\n\t\t\t<div class=\"elementor-widget-wrap elementor-element-populated\">\n\t\t\t\t\t\t<div class=\"elementor-element elementor-element-5a25770a elementor-widget elementor-widget-elementskit-heading\" data-id=\"5a25770a\" data-element_type=\"widget\" data-settings=\"{&quot;ekit_we_effect_on&quot;:&quot;none&quot;}\" data-widget_type=\"elementskit-heading.default\">\n\t\t\t\t<div class=\"elementor-widget-container\">\n\t\t\t<div class=\"ekit-wid-con\" ><div class=\"ekit-heading elementskit-section-title-wraper text_left   ekit_heading_tablet-   ekit_heading_mobile-\"><h2 class=\"ekit-heading--title elementskit-section-title \">Sigorta Uzman\u0131m\u0131zdan Bilgi Almak i\u00e7in Hemen Bize Ula\u015f\u0131n<\/h2><\/div><\/div>\t\t<\/div>\n\t\t\t\t<\/div>\n\t\t\t\t\t<\/div>\n\t\t<\/div>\n\t\t\t\t<div class=\"elementor-column elementor-col-50 elementor-inner-column elementor-element elementor-element-17f59745\" data-id=\"17f59745\" data-element_type=\"column\">\n\t\t\t<div class=\"elementor-widget-wrap elementor-element-populated\">\n\t\t\t\t\t\t<div class=\"elementor-element elementor-element-527083f1 elementor-widget elementor-widget-elementskit-button\" data-id=\"527083f1\" data-element_type=\"widget\" data-settings=\"{&quot;ekit_we_effect_on&quot;:&quot;none&quot;}\" data-widget_type=\"elementskit-button.default\">\n\t\t\t\t<div class=\"elementor-widget-container\">\n\t\t\t<div class=\"ekit-wid-con\" >\t\t<div class=\"ekit-btn-wraper\">\n\t\t\t\t\t\t\t<a href=\"#\" class=\"elementskit-btn  whitespace--normal\" id=\"\">\n\t\t\t\t\t<i aria-hidden=\"true\" class=\"fasicon icon-chart-bars\"><\/i>\u0130leti\u015fime Ge\u00e7\t\t\t\t<\/a>\n\t\t\t\t\t<\/div>\n        <\/div>\t\t<\/div>\n\t\t\t\t<\/div>\n\t\t\t\t\t<\/div>\n\t\t<\/div>\n\t\t\t\t\t<\/div>\n\t\t<\/section>\n\t\t\t\t\t<\/div>\n\t\t<\/div>\n\t\t\t\t\t<\/div>\n\t\t<\/section>\n\t\t\t\t<\/div>\n\t\t","protected":false},"excerpt":{"rendered":"<p>Sigorta Uzman\u0131m\u0131zdan Bilgi Almak i\u00e7in Hemen Bize Ula\u015f\u0131n \u0130leti\u015fime Ge\u00e7<\/p>\n","protected":false},"author":1,"featured_media":0,"parent":0,"menu_order":0,"comment_status":"closed","ping_status":"closed","template":"template\/full-width-template.php","meta":{"footnotes":""},"class_list":["post-6471","page","type-page","status-publish","hentry"],"yoast_head":"<!-- This site is optimized with the Yoast SEO plugin v25.7 - https:\/\/yoast.com\/wordpress\/plugins\/seo\/ -->\n<title>Kurumsal - Dalg\u0131\u00e7 Sigorta<\/title>\n<meta name=\"robots\" content=\"noindex, follow, max-snippet:-1, max-image-preview:large, max-video-preview:-1\" \/>\n<meta property=\"og:locale\" content=\"tr_TR\" \/>\n<meta property=\"og:type\" content=\"article\" \/>\n<meta property=\"og:title\" content=\"Kurumsal - Dalg\u0131\u00e7 Sigorta\" \/>\n<meta property=\"og:description\" content=\"Sigorta Uzman\u0131m\u0131zdan Bilgi Almak i\u00e7in Hemen Bize Ula\u015f\u0131n \u0130leti\u015fime Ge\u00e7\" \/>\n<meta property=\"og:url\" content=\"https:\/\/dalgicsigorta.com\/index.php\/kurumsal\/\" \/>\n<meta property=\"og:site_name\" content=\"Dalg\u0131\u00e7 Sigorta\" \/>\n<meta property=\"article:modified_time\" content=\"2025-08-12T11:23:08+00:00\" \/>\n<meta property=\"og:image\" content=\"https:\/\/dalgicsigorta.com\/wp-content\/uploads\/2024\/08\/Allianz.svg_.png\" \/>\n\t<meta property=\"og:image:width\" content=\"2560\" \/>\n\t<meta property=\"og:image:height\" content=\"662\" \/>\n\t<meta property=\"og:image:type\" content=\"image\/png\" \/>\n<meta name=\"twitter:card\" content=\"summary_large_image\" \/>\n<script type=\"application\/ld+json\" class=\"yoast-schema-graph\">{\"@context\":\"https:\/\/schema.org\",\"@graph\":[{\"@type\":\"WebPage\",\"@id\":\"https:\/\/dalgicsigorta.com\/index.php\/kurumsal\/\",\"url\":\"https:\/\/dalgicsigorta.com\/index.php\/kurumsal\/\",\"name\":\"Kurumsal - Dalg\u0131\u00e7 Sigorta\",\"isPartOf\":{\"@id\":\"https:\/\/dalgicsigorta.com\/#website\"},\"primaryImageOfPage\":{\"@id\":\"https:\/\/dalgicsigorta.com\/index.php\/kurumsal\/#primaryimage\"},\"image\":{\"@id\":\"https:\/\/dalgicsigorta.com\/index.php\/kurumsal\/#primaryimage\"},\"thumbnailUrl\":\"https:\/\/dalgicsigorta.com\/wp-content\/uploads\/2024\/08\/Allianz.svg_-1024x265.png\",\"datePublished\":\"2024-08-29T16:10:47+00:00\",\"dateModified\":\"2025-08-12T11:23:08+00:00\",\"breadcrumb\":{\"@id\":\"https:\/\/dalgicsigorta.com\/index.php\/kurumsal\/#breadcrumb\"},\"inLanguage\":\"tr\",\"potentialAction\":[{\"@type\":\"ReadAction\",\"target\":[\"https:\/\/dalgicsigorta.com\/index.php\/kurumsal\/\"]}]},{\"@type\":\"ImageObject\",\"inLanguage\":\"tr\",\"@id\":\"https:\/\/dalgicsigorta.com\/index.php\/kurumsal\/#primaryimage\",\"url\":\"https:\/\/dalgicsigorta.com\/wp-content\/uploads\/2024\/08\/Allianz.svg_.png\",\"contentUrl\":\"https:\/\/dalgicsigorta.com\/wp-content\/uploads\/2024\/08\/Allianz.svg_.png\",\"width\":2560,\"height\":662},{\"@type\":\"BreadcrumbList\",\"@id\":\"https:\/\/dalgicsigorta.com\/index.php\/kurumsal\/#breadcrumb\",\"itemListElement\":[{\"@type\":\"ListItem\",\"position\":1,\"name\":\"Anasayfa\",\"item\":\"https:\/\/dalgicsigorta.com\/\"},{\"@type\":\"ListItem\",\"position\":2,\"name\":\"Kurumsal\"}]},{\"@type\":\"WebSite\",\"@id\":\"https:\/\/dalgicsigorta.com\/#website\",\"url\":\"https:\/\/dalgicsigorta.com\/\",\"name\":\"Dalg\u0131\u00e7 Sigorta\",\"description\":\"\",\"potentialAction\":[{\"@type\":\"SearchAction\",\"target\":{\"@type\":\"EntryPoint\",\"urlTemplate\":\"https:\/\/dalgicsigorta.com\/?s={search_term_string}\"},\"query-input\":{\"@type\":\"PropertyValueSpecification\",\"valueRequired\":true,\"valueName\":\"search_term_string\"}}],\"inLanguage\":\"tr\"}]}<\/script>\n<!-- \/ Yoast SEO plugin. -->","yoast_head_json":{"title":"Kurumsal - Dalg\u0131\u00e7 Sigorta","robots":{"index":"noindex","follow":"follow","max-snippet":"max-snippet:-1","max-image-preview":"max-image-preview:large","max-video-preview":"max-video-preview:-1"},"og_locale":"tr_TR","og_type":"article","og_title":"Kurumsal - Dalg\u0131\u00e7 Sigorta","og_description":"Sigorta Uzman\u0131m\u0131zdan Bilgi Almak i\u00e7in Hemen Bize Ula\u015f\u0131n \u0130leti\u015fime Ge\u00e7","og_url":"https:\/\/dalgicsigorta.com\/index.php\/kurumsal\/","og_site_name":"Dalg\u0131\u00e7 Sigorta","article_modified_time":"2025-08-12T11:23:08+00:00","og_image":[{"width":2560,"height":662,"url":"https:\/\/dalgicsigorta.com\/wp-content\/uploads\/2024\/08\/Allianz.svg_.png","type":"image\/png"}],"twitter_card":"summary_large_image","schema":{"@context":"https:\/\/schema.org","@graph":[{"@type":"WebPage","@id":"https:\/\/dalgicsigorta.com\/index.php\/kurumsal\/","url":"https:\/\/dalgicsigorta.com\/index.php\/kurumsal\/","name":"Kurumsal - Dalg\u0131\u00e7 Sigorta","isPartOf":{"@id":"https:\/\/dalgicsigorta.com\/#website"},"primaryImageOfPage":{"@id":"https:\/\/dalgicsigorta.com\/index.php\/kurumsal\/#primaryimage"},"image":{"@id":"https:\/\/dalgicsigorta.com\/index.php\/kurumsal\/#primaryimage"},"thumbnailUrl":"https:\/\/dalgicsigorta.com\/wp-content\/uploads\/2024\/08\/Allianz.svg_-1024x265.png","datePublished":"2024-08-29T16:10:47+00:00","dateModified":"2025-08-12T11:23:08+00:00","breadcrumb":{"@id":"https:\/\/dalgicsigorta.com\/index.php\/kurumsal\/#breadcrumb"},"inLanguage":"tr","potentialAction":[{"@type":"ReadAction","target":["https:\/\/dalgicsigorta.com\/index.php\/kurumsal\/"]}]},{"@type":"ImageObject","inLanguage":"tr","@id":"https:\/\/dalgicsigorta.com\/index.php\/kurumsal\/#primaryimage","url":"https:\/\/dalgicsigorta.com\/wp-content\/uploads\/2024\/08\/Allianz.svg_.png","contentUrl":"https:\/\/dalgicsigorta.com\/wp-content\/uploads\/2024\/08\/Allianz.svg_.png","width":2560,"height":662},{"@type":"BreadcrumbList","@id":"https:\/\/dalgicsigorta.com\/index.php\/kurumsal\/#breadcrumb","itemListElement":[{"@type":"ListItem","position":1,"name":"Anasayfa","item":"https:\/\/dalgicsigorta.com\/"},{"@type":"ListItem","position":2,"name":"Kurumsal"}]},{"@type":"WebSite","@id":"https:\/\/dalgicsigorta.com\/#website","url":"https:\/\/dalgicsigorta.com\/","name":"Dalg\u0131\u00e7 Sigorta","description":"","potentialAction":[{"@type":"SearchAction","target":{"@type":"EntryPoint","urlTemplate":"https:\/\/dalgicsigorta.com\/?s={search_term_string}"},"query-input":{"@type":"PropertyValueSpecification","valueRequired":true,"valueName":"search_term_string"}}],"inLanguage":"tr"}]}},"_links":{"self":[{"href":"https:\/\/dalgicsigorta.com\/index.php\/wp-json\/wp\/v2\/pages\/6471","targetHints":{"allow":["GET"]}}],"collection":[{"href":"https:\/\/dalgicsigorta.com\/index.php\/wp-json\/wp\/v2\/pages"}],"about":[{"href":"https:\/\/dalgicsigorta.com\/index.php\/wp-json\/wp\/v2\/types\/page"}],"author":[{"embeddable":true,"href":"https:\/\/dalgicsigorta.com\/index.php\/wp-json\/wp\/v2\/users\/1"}],"replies":[{"embeddable":true,"href":"https:\/\/dalgicsigorta.com\/index.php\/wp-json\/wp\/v2\/comments?post=6471"}],"version-history":[{"count":7,"href":"https:\/\/dalgicsigorta.com\/index.php\/wp-json\/wp\/v2\/pages\/6471\/revisions"}],"predecessor-version":[{"id":6567,"href":"https:\/\/dalgicsigorta.com\/index.php\/wp-json\/wp\/v2\/pages\/6471\/revisions\/6567"}],"wp:attachment":[{"href":"https:\/\/dalgicsigorta.com\/index.php\/wp-json\/wp\/v2\/media?parent=6471"}],"curies":[{"name":"wp","href":"https:\/\/api.w.org\/{rel}","templated":true}]}}