{"id":6315,"date":"2024-08-29T17:15:09","date_gmt":"2024-08-29T14:15:09","guid":{"rendered":"https:\/\/dalgicsigorta.com\/index.php\/saglik-sigortasi-copy-copy-copy\/"},"modified":"2024-09-02T16:07:46","modified_gmt":"2024-09-02T13:07:46","slug":"yangin-sigortasi","status":"publish","type":"page","link":"https:\/\/dalgicsigorta.com\/index.php\/yangin-sigortasi\/","title":{"rendered":"Yang\u0131n Sigortas\u0131"},"content":{"rendered":"\t\t<div data-elementor-type=\"wp-post\" data-elementor-id=\"6315\" class=\"elementor elementor-6315\">\n\t\t\t\t\t\t<section class=\"elementor-section elementor-inner-section elementor-element elementor-element-176f348e elementor-section-content-middle mobile-left elementor-section-boxed elementor-section-height-default elementor-section-height-default\" data-id=\"176f348e\" data-element_type=\"section\" data-settings=\"{&quot;background_background&quot;:&quot;classic&quot;}\">\n\t\t\t\t\t\t<div class=\"elementor-container elementor-column-gap-no\">\n\t\t\t\t\t<div class=\"elementor-column elementor-col-50 elementor-inner-column elementor-element elementor-element-6fa1c527\" data-id=\"6fa1c527\" data-element_type=\"column\">\n\t\t\t<div class=\"elementor-widget-wrap elementor-element-populated\">\n\t\t\t\t\t\t<div class=\"elementor-element elementor-element-7e2e98a5 elementor-widget elementor-widget-elementskit-heading\" data-id=\"7e2e98a5\" data-element_type=\"widget\" data-settings=\"{&quot;ekit_we_effect_on&quot;:&quot;none&quot;}\" data-widget_type=\"elementskit-heading.default\">\n\t\t\t\t<div class=\"elementor-widget-container\">\n\t\t\t<div class=\"ekit-wid-con\" ><div class=\"ekit-heading elementskit-section-title-wraper text_right   ekit_heading_tablet-   ekit_heading_mobile-\"><h2 class=\"ekit-heading--title elementskit-section-title \">Yang\u0131n Sigortas\u0131<\/h2><div class=\"ekit_heading_separetor_wraper ekit_heading_elementskit-border-divider elementskit-style-long\"><div class=\"elementskit-border-divider elementskit-style-long\"><\/div><\/div><\/div><\/div>\t\t<\/div>\n\t\t\t\t<\/div>\n\t\t\t\t\t<\/div>\n\t\t<\/div>\n\t\t\t\t<div class=\"elementor-column elementor-col-50 elementor-inner-column elementor-element elementor-element-1ac7888d\" data-id=\"1ac7888d\" data-element_type=\"column\">\n\t\t\t<div class=\"elementor-widget-wrap elementor-element-populated\">\n\t\t\t\t\t\t<div class=\"elementor-element elementor-element-70b1e85b elementor-widget elementor-widget-elementskit-heading\" data-id=\"70b1e85b\" data-element_type=\"widget\" data-settings=\"{&quot;ekit_we_effect_on&quot;:&quot;none&quot;}\" data-widget_type=\"elementskit-heading.default\">\n\t\t\t\t<div class=\"elementor-widget-container\">\n\t\t\t<div class=\"ekit-wid-con\" ><div class=\"ekit-heading elementskit-section-title-wraper text_left   ekit_heading_tablet-   ekit_heading_mobile-\">\t\t\t\t<div class='ekit-heading__description'>\n\t\t\t\t\t<p>Yang\u0131n sigortas\u0131 temel bir sigortad\u0131r ve\u00a0<b>yang\u0131n\u0131n, y\u0131ld\u0131r\u0131m\u0131n veya infilak\u0131n sigortal\u0131 mallarda do\u011frudan neden olaca\u011f\u0131 maddi zararlar\u0131 kar\u015f\u0131lar<\/b>. Ayr\u0131ca yang\u0131n ve infilak sonucu meydana gelmesi \u015fart\u0131yla duman, buhar ve hararetin sigortal\u0131 mallarda do\u011frudan neden olaca\u011f\u0131 maddi zararlar\u0131 da kar\u015f\u0131lar.<\/p>\n\t\t\t\t<\/div>\n\t\t\t<\/div><\/div>\t\t<\/div>\n\t\t\t\t<\/div>\n\t\t\t\t\t<\/div>\n\t\t<\/div>\n\t\t\t\t\t<\/div>\n\t\t<\/section>\n\t\t\t\t<section class=\"elementor-section elementor-top-section elementor-element elementor-element-6e89a0e6 elementor-section-boxed elementor-section-height-default elementor-section-height-default\" data-id=\"6e89a0e6\" data-element_type=\"section\">\n\t\t\t\t\t\t<div class=\"elementor-container elementor-column-gap-default\">\n\t\t\t\t\t<div class=\"elementor-column elementor-col-100 elementor-top-column elementor-element elementor-element-28da1256\" data-id=\"28da1256\" data-element_type=\"column\">\n\t\t\t<div class=\"elementor-widget-wrap elementor-element-populated\">\n\t\t\t\t\t\t<div class=\"elementor-element elementor-element-1b5fd005 elementor-widget elementor-widget-image\" data-id=\"1b5fd005\" data-element_type=\"widget\" data-settings=\"{&quot;ekit_we_effect_on&quot;:&quot;none&quot;}\" data-widget_type=\"image.default\">\n\t\t\t\t<div class=\"elementor-widget-container\">\n\t\t\t<style>\/*! elementor - v3.23.0 - 05-08-2024 *\/\n.elementor-widget-image{text-align:center}.elementor-widget-image a{display:inline-block}.elementor-widget-image a img[src$=\".svg\"]{width:48px}.elementor-widget-image img{vertical-align:middle;display:inline-block}<\/style>\t\t\t\t\t\t\t\t\t\t<img fetchpriority=\"high\" decoding=\"async\" width=\"1110\" height=\"441\" src=\"https:\/\/dalgicsigorta.com\/wp-content\/uploads\/2019\/09\/service-image.jpg\" class=\"attachment-full size-full wp-image-2382\" alt=\"\" srcset=\"https:\/\/dalgicsigorta.com\/wp-content\/uploads\/2019\/09\/service-image.jpg 1110w, https:\/\/dalgicsigorta.com\/wp-content\/uploads\/2019\/09\/service-image-300x119.jpg 300w, https:\/\/dalgicsigorta.com\/wp-content\/uploads\/2019\/09\/service-image-1024x407.jpg 1024w, https:\/\/dalgicsigorta.com\/wp-content\/uploads\/2019\/09\/service-image-768x305.jpg 768w\" sizes=\"(max-width: 1110px) 100vw, 1110px\" \/>\t\t\t\t\t\t\t\t\t\t\t\t\t<\/div>\n\t\t\t\t<\/div>\n\t\t\t\t\t<\/div>\n\t\t<\/div>\n\t\t\t\t\t<\/div>\n\t\t<\/section>\n\t\t\t\t<section class=\"elementor-section elementor-top-section elementor-element elementor-element-32fb1eda cta elementor-section-boxed elementor-section-height-default elementor-section-height-default\" data-id=\"32fb1eda\" data-element_type=\"section\">\n\t\t\t\t\t\t<div class=\"elementor-container elementor-column-gap-default\">\n\t\t\t\t\t<div class=\"elementor-column elementor-col-100 elementor-top-column elementor-element elementor-element-54e6ed5c\" data-id=\"54e6ed5c\" data-element_type=\"column\" data-settings=\"{&quot;background_background&quot;:&quot;classic&quot;}\">\n\t\t\t<div class=\"elementor-widget-wrap elementor-element-populated\">\n\t\t\t\t\t<div class=\"elementor-background-overlay\"><\/div>\n\t\t\t\t\t\t<section class=\"elementor-section elementor-inner-section elementor-element elementor-element-488678af elementor-section-boxed elementor-section-height-default elementor-section-height-default\" data-id=\"488678af\" data-element_type=\"section\">\n\t\t\t\t\t\t<div class=\"elementor-container elementor-column-gap-default\">\n\t\t\t\t\t<div class=\"elementor-column elementor-col-50 elementor-inner-column elementor-element elementor-element-2eb83aa9\" data-id=\"2eb83aa9\" data-element_type=\"column\">\n\t\t\t<div class=\"elementor-widget-wrap elementor-element-populated\">\n\t\t\t\t\t\t<div class=\"elementor-element elementor-element-5a25770a elementor-widget elementor-widget-elementskit-heading\" data-id=\"5a25770a\" data-element_type=\"widget\" data-settings=\"{&quot;ekit_we_effect_on&quot;:&quot;none&quot;}\" data-widget_type=\"elementskit-heading.default\">\n\t\t\t\t<div class=\"elementor-widget-container\">\n\t\t\t<div class=\"ekit-wid-con\" ><div class=\"ekit-heading elementskit-section-title-wraper text_left   ekit_heading_tablet-   ekit_heading_mobile-\"><h2 class=\"ekit-heading--title elementskit-section-title \">Sigorta Uzman\u0131m\u0131zdan Bilgi Almak i\u00e7in Hemen Bize Ula\u015f\u0131n<\/h2><\/div><\/div>\t\t<\/div>\n\t\t\t\t<\/div>\n\t\t\t\t\t<\/div>\n\t\t<\/div>\n\t\t\t\t<div class=\"elementor-column elementor-col-50 elementor-inner-column elementor-element elementor-element-17f59745\" data-id=\"17f59745\" data-element_type=\"column\">\n\t\t\t<div class=\"elementor-widget-wrap elementor-element-populated\">\n\t\t\t\t\t\t<div class=\"elementor-element elementor-element-527083f1 elementor-widget elementor-widget-elementskit-button\" data-id=\"527083f1\" data-element_type=\"widget\" data-settings=\"{&quot;ekit_we_effect_on&quot;:&quot;none&quot;}\" data-widget_type=\"elementskit-button.default\">\n\t\t\t\t<div class=\"elementor-widget-container\">\n\t\t\t<div class=\"ekit-wid-con\" >\t\t<div class=\"ekit-btn-wraper\">\n\t\t\t\t\t\t\t<a href=\"#\" class=\"elementskit-btn  whitespace--normal\" id=\"\">\n\t\t\t\t\t<i aria-hidden=\"true\" class=\"fasicon icon-chart-bars\"><\/i>\u0130leti\u015fime Ge\u00e7\t\t\t\t<\/a>\n\t\t\t\t\t<\/div>\n        <\/div>\t\t<\/div>\n\t\t\t\t<\/div>\n\t\t\t\t\t<\/div>\n\t\t<\/div>\n\t\t\t\t\t<\/div>\n\t\t<\/section>\n\t\t\t\t\t<\/div>\n\t\t<\/div>\n\t\t\t\t\t<\/div>\n\t\t<\/section>\n\t\t\t\t<\/div>\n\t\t","protected":false},"excerpt":{"rendered":"<p>Yang\u0131n Sigortas\u0131 Yang\u0131n sigortas\u0131 temel bir sigortad\u0131r ve\u00a0yang\u0131n\u0131n, y\u0131ld\u0131r\u0131m\u0131n veya infilak\u0131n sigortal\u0131 mallarda do\u011frudan neden olaca\u011f\u0131 maddi zararlar\u0131 kar\u015f\u0131lar. Ayr\u0131ca yang\u0131n ve infilak sonucu meydana gelmesi \u015fart\u0131yla duman, buhar ve hararetin sigortal\u0131 mallarda do\u011frudan neden olaca\u011f\u0131 maddi zararlar\u0131 da kar\u015f\u0131lar. Sigorta Uzman\u0131m\u0131zdan Bilgi Almak i\u00e7in Hemen Bize Ula\u015f\u0131n \u0130leti\u015fime Ge\u00e7<\/p>\n","protected":false},"author":1,"featured_media":0,"parent":0,"menu_order":0,"comment_status":"closed","ping_status":"closed","template":"template\/full-width-template.php","meta":{"footnotes":""},"class_list":["post-6315","page","type-page","status-publish","hentry"],"yoast_head":"<!-- This site is optimized with the Yoast SEO plugin v25.7 - https:\/\/yoast.com\/wordpress\/plugins\/seo\/ -->\n<title>Yang\u0131n Sigortas\u0131 - Dalg\u0131\u00e7 Sigorta<\/title>\n<meta name=\"robots\" content=\"noindex, follow, max-snippet:-1, max-image-preview:large, max-video-preview:-1\" \/>\n<meta property=\"og:locale\" content=\"tr_TR\" \/>\n<meta property=\"og:type\" content=\"article\" \/>\n<meta property=\"og:title\" content=\"Yang\u0131n Sigortas\u0131 - Dalg\u0131\u00e7 Sigorta\" \/>\n<meta property=\"og:description\" content=\"Yang\u0131n Sigortas\u0131 Yang\u0131n sigortas\u0131 temel bir sigortad\u0131r ve\u00a0yang\u0131n\u0131n, y\u0131ld\u0131r\u0131m\u0131n veya infilak\u0131n sigortal\u0131 mallarda do\u011frudan neden olaca\u011f\u0131 maddi zararlar\u0131 kar\u015f\u0131lar. Ayr\u0131ca yang\u0131n ve infilak sonucu meydana gelmesi \u015fart\u0131yla duman, buhar ve hararetin sigortal\u0131 mallarda do\u011frudan neden olaca\u011f\u0131 maddi zararlar\u0131 da kar\u015f\u0131lar. Sigorta Uzman\u0131m\u0131zdan Bilgi Almak i\u00e7in Hemen Bize Ula\u015f\u0131n \u0130leti\u015fime Ge\u00e7\" \/>\n<meta property=\"og:url\" content=\"https:\/\/dalgicsigorta.com\/index.php\/yangin-sigortasi\/\" \/>\n<meta property=\"og:site_name\" content=\"Dalg\u0131\u00e7 Sigorta\" \/>\n<meta property=\"article:modified_time\" content=\"2024-09-02T13:07:46+00:00\" \/>\n<meta property=\"og:image\" content=\"https:\/\/dalgicsigorta.com\/wp-content\/uploads\/2019\/09\/service-image.jpg\" \/>\n\t<meta property=\"og:image:width\" content=\"1110\" \/>\n\t<meta property=\"og:image:height\" content=\"441\" \/>\n\t<meta property=\"og:image:type\" content=\"image\/jpeg\" \/>\n<meta name=\"twitter:card\" content=\"summary_large_image\" \/>\n<script type=\"application\/ld+json\" class=\"yoast-schema-graph\">{\"@context\":\"https:\/\/schema.org\",\"@graph\":[{\"@type\":\"WebPage\",\"@id\":\"https:\/\/dalgicsigorta.com\/index.php\/yangin-sigortasi\/\",\"url\":\"https:\/\/dalgicsigorta.com\/index.php\/yangin-sigortasi\/\",\"name\":\"Yang\u0131n Sigortas\u0131 - Dalg\u0131\u00e7 Sigorta\",\"isPartOf\":{\"@id\":\"https:\/\/dalgicsigorta.com\/#website\"},\"primaryImageOfPage\":{\"@id\":\"https:\/\/dalgicsigorta.com\/index.php\/yangin-sigortasi\/#primaryimage\"},\"image\":{\"@id\":\"https:\/\/dalgicsigorta.com\/index.php\/yangin-sigortasi\/#primaryimage\"},\"thumbnailUrl\":\"https:\/\/dalgicsigorta.com\/wp-content\/uploads\/2019\/09\/service-image.jpg\",\"datePublished\":\"2024-08-29T14:15:09+00:00\",\"dateModified\":\"2024-09-02T13:07:46+00:00\",\"breadcrumb\":{\"@id\":\"https:\/\/dalgicsigorta.com\/index.php\/yangin-sigortasi\/#breadcrumb\"},\"inLanguage\":\"tr\",\"potentialAction\":[{\"@type\":\"ReadAction\",\"target\":[\"https:\/\/dalgicsigorta.com\/index.php\/yangin-sigortasi\/\"]}]},{\"@type\":\"ImageObject\",\"inLanguage\":\"tr\",\"@id\":\"https:\/\/dalgicsigorta.com\/index.php\/yangin-sigortasi\/#primaryimage\",\"url\":\"https:\/\/dalgicsigorta.com\/wp-content\/uploads\/2019\/09\/service-image.jpg\",\"contentUrl\":\"https:\/\/dalgicsigorta.com\/wp-content\/uploads\/2019\/09\/service-image.jpg\",\"width\":1110,\"height\":441},{\"@type\":\"BreadcrumbList\",\"@id\":\"https:\/\/dalgicsigorta.com\/index.php\/yangin-sigortasi\/#breadcrumb\",\"itemListElement\":[{\"@type\":\"ListItem\",\"position\":1,\"name\":\"Anasayfa\",\"item\":\"https:\/\/dalgicsigorta.com\/\"},{\"@type\":\"ListItem\",\"position\":2,\"name\":\"Yang\u0131n Sigortas\u0131\"}]},{\"@type\":\"WebSite\",\"@id\":\"https:\/\/dalgicsigorta.com\/#website\",\"url\":\"https:\/\/dalgicsigorta.com\/\",\"name\":\"Dalg\u0131\u00e7 Sigorta\",\"description\":\"\",\"potentialAction\":[{\"@type\":\"SearchAction\",\"target\":{\"@type\":\"EntryPoint\",\"urlTemplate\":\"https:\/\/dalgicsigorta.com\/?s={search_term_string}\"},\"query-input\":{\"@type\":\"PropertyValueSpecification\",\"valueRequired\":true,\"valueName\":\"search_term_string\"}}],\"inLanguage\":\"tr\"}]}<\/script>\n<!-- \/ Yoast SEO plugin. -->","yoast_head_json":{"title":"Yang\u0131n Sigortas\u0131 - Dalg\u0131\u00e7 Sigorta","robots":{"index":"noindex","follow":"follow","max-snippet":"max-snippet:-1","max-image-preview":"max-image-preview:large","max-video-preview":"max-video-preview:-1"},"og_locale":"tr_TR","og_type":"article","og_title":"Yang\u0131n Sigortas\u0131 - Dalg\u0131\u00e7 Sigorta","og_description":"Yang\u0131n Sigortas\u0131 Yang\u0131n sigortas\u0131 temel bir sigortad\u0131r ve\u00a0yang\u0131n\u0131n, y\u0131ld\u0131r\u0131m\u0131n veya infilak\u0131n sigortal\u0131 mallarda do\u011frudan neden olaca\u011f\u0131 maddi zararlar\u0131 kar\u015f\u0131lar. Ayr\u0131ca yang\u0131n ve infilak sonucu meydana gelmesi \u015fart\u0131yla duman, buhar ve hararetin sigortal\u0131 mallarda do\u011frudan neden olaca\u011f\u0131 maddi zararlar\u0131 da kar\u015f\u0131lar. Sigorta Uzman\u0131m\u0131zdan Bilgi Almak i\u00e7in Hemen Bize Ula\u015f\u0131n \u0130leti\u015fime Ge\u00e7","og_url":"https:\/\/dalgicsigorta.com\/index.php\/yangin-sigortasi\/","og_site_name":"Dalg\u0131\u00e7 Sigorta","article_modified_time":"2024-09-02T13:07:46+00:00","og_image":[{"width":1110,"height":441,"url":"https:\/\/dalgicsigorta.com\/wp-content\/uploads\/2019\/09\/service-image.jpg","type":"image\/jpeg"}],"twitter_card":"summary_large_image","schema":{"@context":"https:\/\/schema.org","@graph":[{"@type":"WebPage","@id":"https:\/\/dalgicsigorta.com\/index.php\/yangin-sigortasi\/","url":"https:\/\/dalgicsigorta.com\/index.php\/yangin-sigortasi\/","name":"Yang\u0131n Sigortas\u0131 - Dalg\u0131\u00e7 Sigorta","isPartOf":{"@id":"https:\/\/dalgicsigorta.com\/#website"},"primaryImageOfPage":{"@id":"https:\/\/dalgicsigorta.com\/index.php\/yangin-sigortasi\/#primaryimage"},"image":{"@id":"https:\/\/dalgicsigorta.com\/index.php\/yangin-sigortasi\/#primaryimage"},"thumbnailUrl":"https:\/\/dalgicsigorta.com\/wp-content\/uploads\/2019\/09\/service-image.jpg","datePublished":"2024-08-29T14:15:09+00:00","dateModified":"2024-09-02T13:07:46+00:00","breadcrumb":{"@id":"https:\/\/dalgicsigorta.com\/index.php\/yangin-sigortasi\/#breadcrumb"},"inLanguage":"tr","potentialAction":[{"@type":"ReadAction","target":["https:\/\/dalgicsigorta.com\/index.php\/yangin-sigortasi\/"]}]},{"@type":"ImageObject","inLanguage":"tr","@id":"https:\/\/dalgicsigorta.com\/index.php\/yangin-sigortasi\/#primaryimage","url":"https:\/\/dalgicsigorta.com\/wp-content\/uploads\/2019\/09\/service-image.jpg","contentUrl":"https:\/\/dalgicsigorta.com\/wp-content\/uploads\/2019\/09\/service-image.jpg","width":1110,"height":441},{"@type":"BreadcrumbList","@id":"https:\/\/dalgicsigorta.com\/index.php\/yangin-sigortasi\/#breadcrumb","itemListElement":[{"@type":"ListItem","position":1,"name":"Anasayfa","item":"https:\/\/dalgicsigorta.com\/"},{"@type":"ListItem","position":2,"name":"Yang\u0131n Sigortas\u0131"}]},{"@type":"WebSite","@id":"https:\/\/dalgicsigorta.com\/#website","url":"https:\/\/dalgicsigorta.com\/","name":"Dalg\u0131\u00e7 Sigorta","description":"","potentialAction":[{"@type":"SearchAction","target":{"@type":"EntryPoint","urlTemplate":"https:\/\/dalgicsigorta.com\/?s={search_term_string}"},"query-input":{"@type":"PropertyValueSpecification","valueRequired":true,"valueName":"search_term_string"}}],"inLanguage":"tr"}]}},"_links":{"self":[{"href":"https:\/\/dalgicsigorta.com\/index.php\/wp-json\/wp\/v2\/pages\/6315","targetHints":{"allow":["GET"]}}],"collection":[{"href":"https:\/\/dalgicsigorta.com\/index.php\/wp-json\/wp\/v2\/pages"}],"about":[{"href":"https:\/\/dalgicsigorta.com\/index.php\/wp-json\/wp\/v2\/types\/page"}],"author":[{"embeddable":true,"href":"https:\/\/dalgicsigorta.com\/index.php\/wp-json\/wp\/v2\/users\/1"}],"replies":[{"embeddable":true,"href":"https:\/\/dalgicsigorta.com\/index.php\/wp-json\/wp\/v2\/comments?post=6315"}],"version-history":[{"count":7,"href":"https:\/\/dalgicsigorta.com\/index.php\/wp-json\/wp\/v2\/pages\/6315\/revisions"}],"predecessor-version":[{"id":6510,"href":"https:\/\/dalgicsigorta.com\/index.php\/wp-json\/wp\/v2\/pages\/6315\/revisions\/6510"}],"wp:attachment":[{"href":"https:\/\/dalgicsigorta.com\/index.php\/wp-json\/wp\/v2\/media?parent=6315"}],"curies":[{"name":"wp","href":"https:\/\/api.w.org\/{rel}","templated":true}]}}